{"id":1518,"date":"2022-02-18T11:25:29","date_gmt":"2022-02-18T10:25:29","guid":{"rendered":"https:\/\/nec-pro.com\/contacto-peca-o-seu-kit-profissional\/"},"modified":"2025-09-07T21:41:17","modified_gmt":"2025-09-07T19:41:17","slug":"contacto","status":"publish","type":"page","link":"https:\/\/nec-pro.com\/pt-pt\/contacto\/","title":{"rendered":"Contacto &#8211; Pe\u00e7a o seu kit profissional"},"content":{"rendered":"\n<style type=\"text\/css\" data-created_by=\"avia_inline_auto\" id=\"style-css-av-kw4qumae-5c31f99cba759c3300a9051f8cf1e4da\">\n.avia-section.av-kw4qumae-5c31f99cba759c3300a9051f8cf1e4da{\nbackground-repeat:no-repeat;\nbackground-image:url(https:\/\/nec-pro.com\/wp-content\/uploads\/2022\/03\/header-contacto-2.jpg);\nbackground-position:50% 100%;\nbackground-attachment:fixed;\n}\n<\/style>\n<div id='av_section_1'  class='avia-section av-kw4qumae-5c31f99cba759c3300a9051f8cf1e4da main_color avia-section-default avia-no-border-styling  avia-builder-el-0  el_before_av_section  avia-builder-el-first  header-main avia-full-stretch avia-bg-style-fixed av-minimum-height av-minimum-height-100 av-height-100  container_wrap fullsize'  data-section-bg-repeat='stretch' data-av_minimum_height_pc='100' data-av_min_height_opt='100'><div class='container av-section-cont-open' ><main  role=\"main\" itemprop=\"mainContentOfPage\"  class='template-page content  av-content-full alpha units'><div class='post-entry post-entry-type-page post-entry-1518'><div class='entry-content-wrapper clearfix'>\n<div  class='flex_column av-5374-4445960404666be1fb9fd18af1d203ce av_one_half  avia-builder-el-1  el_before_av_one_half  avia-builder-el-first  first flex_column_div av-animated-generic left-to-right  '     ><\/div><div  class='flex_column av-9a3v8-401b63270952e08eefba3fbbedb2a3b3 av_one_half  avia-builder-el-2  el_after_av_one_half  avia-builder-el-last  flex_column_div  '     ><style type=\"text\/css\" data-created_by=\"avia_inline_auto\" id=\"style-css-av-kw4rz7bz-16f80fd2719d8a13817c068f75c30a82\">\n#top .av_textblock_section.av-kw4rz7bz-16f80fd2719d8a13817c068f75c30a82 .avia_textblock{\ncolor:#575656;\n}\n<\/style>\n<section  class='av_textblock_section av-kw4rz7bz-16f80fd2719d8a13817c068f75c30a82 '   itemscope=\"itemscope\" itemtype=\"https:\/\/schema.org\/CreativeWork\" ><div class='avia_textblock av_inherit_color'  itemprop=\"text\" ><p class=\"first-header-top\" style=\"text-align: right;\">NEC<sup>\u00a9<\/sup><\/p>\n<h1 class=\"second-header-top\" style=\"text-align: right; color: #519b96;\">M\u00e9todo Patenteado de RECONSTRU\u00c7\u00c3O UNGUEAL<\/h1>\n<h2 class=\"third-header-top\" style=\"text-align: right;\">COM COMPOSTO MICRO-H\u00cdBRIDO Dispositivo M\u00e9dico de Classe IIa<\/h2>\n<\/div><\/section><br \/>\n\n<style type=\"text\/css\" data-created_by=\"avia_inline_auto\" id=\"style-css-av-kzmlyvj1-45ba5670444ab8ada09667accf8764f7\">\n#top .hr.hr-invisible.av-kzmlyvj1-45ba5670444ab8ada09667accf8764f7{\nheight:10px;\n}\n<\/style>\n<div  class='hr av-kzmlyvj1-45ba5670444ab8ada09667accf8764f7 hr-invisible  avia-builder-el-4  el_after_av_textblock  el_before_av_button '><span class='hr-inner '><span class=\"hr-inner-style\"><\/span><\/span><\/div><br \/>\n<div  class='avia-button-wrap av-kw4s3qt0-1fee07cec07fdbf256c71a38df6f77cf-wrap avia-button-right  avia-builder-el-5  el_after_av_hr  el_before_av_hr  boton-claim'>\n<style type=\"text\/css\" data-created_by=\"avia_inline_auto\" id=\"style-css-av-kw4s3qt0-1fee07cec07fdbf256c71a38df6f77cf\">\n#top #wrap_all .avia-button.av-kw4s3qt0-1fee07cec07fdbf256c71a38df6f77cf{\nbackground-color:#519b96;\nborder-color:#519b96;\ncolor:#fffcfc;\nborder-style:solid;\nborder-radius:20px 20px 20px 20px;\ntransition:all 0.4s ease-in-out;\n}\n#top #wrap_all .avia-button.av-kw4s3qt0-1fee07cec07fdbf256c71a38df6f77cf:hover{\nbackground-color:#575656;\ncolor:white;\ntransition:all 0.4s ease-in-out;\n}\n#top #wrap_all.avia-button.av-kw4s3qt0-1fee07cec07fdbf256c71a38df6f77cf:hover .avia_button_background{\nborder-radius:20px 20px 20px 20px;\n}\n<\/style>\n<a href='#next-section'  class='avia-button av-kw4s3qt0-1fee07cec07fdbf256c71a38df6f77cf av-link-btn avia-icon_select-no avia-size-x-large avia-position-right'   aria-label=\"PE\u00c7A O SEU KIT PROFISSIONAL\"><span class='avia_iconbox_title' >PE\u00c7A O SEU KIT PROFISSIONAL<\/span><\/a><\/div><br \/>\n\n<style type=\"text\/css\" data-created_by=\"avia_inline_auto\" id=\"style-css-av-8lp0c-dd490171a0fb711fe828d4ac3ac793c2\">\n#top .hr.hr-invisible.av-8lp0c-dd490171a0fb711fe828d4ac3ac793c2{\nheight:50px;\n}\n<\/style>\n<div  class='hr av-8lp0c-dd490171a0fb711fe828d4ac3ac793c2 hr-invisible  avia-builder-el-6  el_after_av_button  el_before_av_hr  av-small-hide av-mini-hide'><span class='hr-inner '><span class=\"hr-inner-style\"><\/span><\/span><\/div><br \/>\n\n<style type=\"text\/css\" data-created_by=\"avia_inline_auto\" id=\"style-css-av-l06o67p2-e0580a9d891ce695354b56baa2bbc729\">\n#top .hr.hr-invisible.av-l06o67p2-e0580a9d891ce695354b56baa2bbc729{\nheight:150px;\n}\n<\/style>\n<div  class='hr av-l06o67p2-e0580a9d891ce695354b56baa2bbc729 hr-invisible  avia-builder-el-7  el_after_av_hr  avia-builder-el-last  av-desktop-hide av-medium-hide'><span class='hr-inner '><span class=\"hr-inner-style\"><\/span><\/span><\/div><\/p><\/div>\n\n<\/div><\/div><\/main><!-- close content main element --><\/div><\/div>\n<style type=\"text\/css\" data-created_by=\"avia_inline_auto\" id=\"style-css-av-kzqwomlu-de4ccaf6b31413d439a7cca496495467\">\n.avia-section.av-kzqwomlu-de4ccaf6b31413d439a7cca496495467{\nbackground-repeat:no-repeat;\nbackground-image:url(https:\/\/nec-pro.com\/wp-content\/uploads\/2022\/03\/header-contacto-2.jpg);\nbackground-position:50% 100%;\nbackground-attachment:fixed;\n}\n.avia-section.av-kzqwomlu-de4ccaf6b31413d439a7cca496495467 .av-section-color-overlay{\nopacity:0.8;\nbackground-color:#ffffff;\n}\n<\/style>\n<div id='formulario'  class='avia-section av-kzqwomlu-de4ccaf6b31413d439a7cca496495467 main_color avia-section-default avia-no-border-styling  avia-builder-el-8  el_after_av_section  el_before_av_section  avia-full-stretch avia-bg-style-fixed av-section-color-overlay-active container_wrap fullsize'  data-section-bg-repeat='stretch'><div class=\"av-section-color-overlay-wrap\"><div class=\"av-section-color-overlay\"><\/div><div class='container av-section-cont-open' ><div class='template-page content  av-content-full alpha units'><div class='post-entry post-entry-type-page post-entry-1518'><div class='entry-content-wrapper clearfix'>\n\n<style type=\"text\/css\" data-created_by=\"avia_inline_auto\" id=\"style-css-av-kzqvznm6-99be70cee2434fdd2ce9ba96f5793c7f\">\n#top .hr.hr-invisible.av-kzqvznm6-99be70cee2434fdd2ce9ba96f5793c7f{\nheight:50px;\n}\n<\/style>\n<div  class='hr av-kzqvznm6-99be70cee2434fdd2ce9ba96f5793c7f hr-invisible  avia-builder-el-9  el_before_av_one_full  avia-builder-el-first '><span class='hr-inner '><span class=\"hr-inner-style\"><\/span><\/span><\/div>\n<div  class='flex_column av-vl7wk-f1b88a5c25b9f6cdf6b7ece2475bcdc0 av_one_full  avia-builder-el-10  el_after_av_hr  el_before_av_one_half  titular-imagen-izq-container first flex_column_div av-animated-generic fade-in  '     ><style type=\"text\/css\" data-created_by=\"avia_inline_auto\" id=\"style-css-av-kzmnt4fl-11df89eaec27136a77124abcc73dd598\">\n#top .av_textblock_section.av-kzmnt4fl-11df89eaec27136a77124abcc73dd598 .avia_textblock{\ncolor:#519b96;\n}\n<\/style>\n<section  class='av_textblock_section av-kzmnt4fl-11df89eaec27136a77124abcc73dd598 '   itemscope=\"itemscope\" itemtype=\"https:\/\/schema.org\/CreativeWork\" ><div class='avia_textblock av_inherit_color'  itemprop=\"text\" ><h2 class=\"titular-imagen-izq\" style=\"text-align: center;\">FORMUL\u00c1RIO DE CONTACTO NEC<sup>\u00a9<\/sup><\/h2>\n<\/div><\/section><\/div><div class='flex_column_table av-1hvu0-6d4bbb85db9c631c96d85834b44978c7 sc-av_one_half av-equal-height-column-flextable'><div  class='flex_column av-1hvu0-6d4bbb85db9c631c96d85834b44978c7 av_one_half  avia-builder-el-12  el_after_av_one_full  el_before_av_one_half  first flex_column_table_cell av-equal-height-column av-align-middle av-animated-generic fade-in  column-top-margin'     ><p>\n<style type=\"text\/css\" data-created_by=\"avia_inline_auto\" id=\"style-css-av-kw4r1ndr-601a5d2d86f617d7fa4acf4c426fbacf\">\n.avia-image-container.av-kw4r1ndr-601a5d2d86f617d7fa4acf4c426fbacf img.avia_image{\nbox-shadow:none;\n}\n.avia-image-container.av-kw4r1ndr-601a5d2d86f617d7fa4acf4c426fbacf .av-image-caption-overlay-center{\ncolor:#ffffff;\n}\n<\/style>\n<div  class='avia-image-container av-kw4r1ndr-601a5d2d86f617d7fa4acf4c426fbacf av-styling-no-styling avia_animated_image av-animated-when-visible-95 pop-up avia-align-center  avia-builder-el-13  el_before_av_hr  avia-builder-el-first '   itemprop=\"image\" itemscope=\"itemscope\" itemtype=\"https:\/\/schema.org\/ImageObject\" ><div class=\"avia-image-container-inner\"><div class=\"avia-image-overlay-wrap\"><img decoding=\"async\" fetchpriority=\"high\" class='wp-image-978 avia-img-lazy-loading-not-978 avia_image ' src=\"https:\/\/nec-pro.com\/wp-content\/uploads\/2022\/02\/nec-kit.png\" alt='' title='nec-kit'  height=\"490\" width=\"550\"  itemprop=\"thumbnailUrl\" srcset=\"https:\/\/nec-pro.com\/wp-content\/uploads\/2022\/02\/nec-kit.png 550w, https:\/\/nec-pro.com\/wp-content\/uploads\/2022\/02\/nec-kit-300x267.png 300w\" sizes=\"(max-width: 550px) 100vw, 550px\" \/><\/div><\/div><\/div><br \/>\n\n<style type=\"text\/css\" data-created_by=\"avia_inline_auto\" id=\"style-css-av-l00uzf6z-ee429d470af0efca2c3450b1e71abde0\">\n#top .hr.hr-invisible.av-l00uzf6z-ee429d470af0efca2c3450b1e71abde0{\nheight:30px;\n}\n<\/style>\n<div  class='hr av-l00uzf6z-ee429d470af0efca2c3450b1e71abde0 hr-invisible  avia-builder-el-14  el_after_av_image  avia-builder-el-last  av-small-hide av-mini-hide'><span class='hr-inner '><span class=\"hr-inner-style\"><\/span><\/span><\/div><\/p><\/div><div class='av-flex-placeholder'><\/div><div  class='flex_column av-qp4o-05911111d09f6de96f4e70be9c59d6fd av_one_half  avia-builder-el-15  el_after_av_one_half  el_before_av_hr  flex_column_table_cell av-equal-height-column av-align-middle av-animated-generic right-to-left  column-top-margin'     ><p>\n<style type=\"text\/css\" data-created_by=\"avia_inline_auto\" id=\"style-css-av-bezpr-98f4b2cafa22f2f870151aa156ed5905\">\n#top .hr.hr-invisible.av-bezpr-98f4b2cafa22f2f870151aa156ed5905{\nheight:30px;\n}\n<\/style>\n<div  class='hr av-bezpr-98f4b2cafa22f2f870151aa156ed5905 hr-invisible  avia-builder-el-16  el_before_av_textblock  avia-builder-el-first  av-small-hide av-mini-hide'><span class='hr-inner '><span class=\"hr-inner-style\"><\/span><\/span><\/div><br \/>\n\n<style type=\"text\/css\" data-created_by=\"avia_inline_auto\" id=\"style-css-av-kzmiv945-64d4672763b31fd50aae4f80b0a75508\">\n#top .av_textblock_section.av-kzmiv945-64d4672763b31fd50aae4f80b0a75508 .avia_textblock{\ncolor:#575656;\n}\n<\/style>\n<section  class='av_textblock_section av-kzmiv945-64d4672763b31fd50aae4f80b0a75508 '   itemscope=\"itemscope\" itemtype=\"https:\/\/schema.org\/CreativeWork\" ><div class='avia_textblock av_inherit_color'  itemprop=\"text\" ><h2 class=\"titular-interno-2\">QUERO RECEBER INFORMA\u00c7\u00d5ES SOBRE NEC<sup>\u00a9<\/sup><\/h2>\n<\/div><\/section><br \/>\n<\/p><\/div><\/div><!--close column table wrapper. Autoclose: 1 -->\n<style type=\"text\/css\" data-created_by=\"avia_inline_auto\" id=\"style-css-av-kzqw0dbr-2e9506e1dc36815ca250bccfbe26818c\">\n#top .hr.hr-invisible.av-kzqw0dbr-2e9506e1dc36815ca250bccfbe26818c{\nheight:100px;\n}\n<\/style>\n<div  class='hr av-kzqw0dbr-2e9506e1dc36815ca250bccfbe26818c hr-invisible  avia-builder-el-19  el_after_av_one_half  avia-builder-el-last '><span class='hr-inner '><span class=\"hr-inner-style\"><\/span><\/span><\/div>\n\n<\/div><\/div><\/div><!-- close content main div --><\/div><\/div><\/div><div id='clinicas'  class='avia-section av-l0tglb1c-ce34a4f6889e34575b9521c8ab411a14 main_color avia-section-default avia-no-border-styling  avia-builder-el-20  el_after_av_section  el_before_av_section  avia-bg-style-scroll container_wrap fullsize'  ><div class='container av-section-cont-open' ><div class='template-page content  av-content-full alpha units'><div class='post-entry post-entry-type-page post-entry-1518'><div class='entry-content-wrapper clearfix'>\n\n<style type=\"text\/css\" data-created_by=\"avia_inline_auto\" id=\"style-css-av-cu37z-70c1e147cd955ca4ca548c9225704220\">\n#top .hr.hr-invisible.av-cu37z-70c1e147cd955ca4ca548c9225704220{\nheight:50px;\n}\n<\/style>\n<div  class='hr av-cu37z-70c1e147cd955ca4ca548c9225704220 hr-invisible  avia-builder-el-21  el_before_av_one_full  avia-builder-el-first '><span class='hr-inner '><span class=\"hr-inner-style\"><\/span><\/span><\/div>\n<div  class='flex_column av-73vlz-bd4a269f8bc465971056bb55306a8adb av_one_full  avia-builder-el-22  el_after_av_hr  el_before_av_hr  titular-imagen-izq-container first flex_column_div av-animated-generic fade-in  '     ><style type=\"text\/css\" data-created_by=\"avia_inline_auto\" id=\"style-css-av-l0tgly07-656b25afbe8303b73636244d95006590\">\n#top .av_textblock_section.av-l0tgly07-656b25afbe8303b73636244d95006590 .avia_textblock{\ncolor:#519b96;\n}\n<\/style>\n<section  class='av_textblock_section av-l0tgly07-656b25afbe8303b73636244d95006590 '   itemscope=\"itemscope\" itemtype=\"https:\/\/schema.org\/CreativeWork\" ><div class='avia_textblock av_inherit_color'  itemprop=\"text\" ><h2 class=\"titular-imagen-izq\" style=\"text-align: center;\">CL\u00cdNICAS DE REFER\u00caNCIA NEC<sup>\u00a9<\/sup><\/h2>\n<\/div><\/section><\/div>\n<style type=\"text\/css\" data-created_by=\"avia_inline_auto\" id=\"style-css-av-l0th43du-220f06b66fcddd218a8b81ddc6203e3a\">\n#top .hr.hr-invisible.av-l0th43du-220f06b66fcddd218a8b81ddc6203e3a{\nheight:50px;\n}\n<\/style>\n<div  class='hr av-l0th43du-220f06b66fcddd218a8b81ddc6203e3a hr-invisible  avia-builder-el-24  el_after_av_one_full  el_before_av_textblock '><span class='hr-inner '><span class=\"hr-inner-style\"><\/span><\/span><\/div>\n\n<style type=\"text\/css\" data-created_by=\"avia_inline_auto\" id=\"style-css-av-l0tgmkwr-1d4a25d372da803fc8f97cabcb0091e2\">\n#top .av_textblock_section.av-l0tgmkwr-1d4a25d372da803fc8f97cabcb0091e2 .avia_textblock{\nfont-size:20px;\n}\n<\/style>\n<section  class='av_textblock_section av-l0tgmkwr-1d4a25d372da803fc8f97cabcb0091e2 '   itemscope=\"itemscope\" itemtype=\"https:\/\/schema.org\/CreativeWork\" ><div class='avia_textblock'  itemprop=\"text\" ><p style=\"text-align: center; font-size: 20px;\"><strong>No seguinte mapa encontrar\u00e1 as cl\u00ednicas de refer\u00eancia NEC<sup>\u00a9<\/sup>. <\/strong><\/p>\n<\/div><\/section>\n\n\n<\/div><\/div><\/div><!-- close content main div --><\/div><\/div><div id='presenca-internacional'  class='avia-section av-n2wzz-86b5c4c2ba804c07bfca8215bf6b2ec3 main_color avia-section-default avia-no-border-styling  avia-builder-el-27  el_after_av_section  avia-builder-el-last  avia-bg-style-scroll container_wrap fullsize'  ><div class='container av-section-cont-open' ><div class='template-page content  av-content-full alpha units'><div class='post-entry post-entry-type-page post-entry-1518'><div class='entry-content-wrapper clearfix'>\n\n<style type=\"text\/css\" data-created_by=\"avia_inline_auto\" id=\"style-css-av-7gfrr-912e6adaee0bde98717a7a24ab97ef9b\">\n#top .hr.hr-invisible.av-7gfrr-912e6adaee0bde98717a7a24ab97ef9b{\nheight:50px;\n}\n<\/style>\n<div  class='hr av-7gfrr-912e6adaee0bde98717a7a24ab97ef9b hr-invisible  avia-builder-el-28  el_before_av_one_full  avia-builder-el-first '><span class='hr-inner '><span class=\"hr-inner-style\"><\/span><\/span><\/div>\n<div  class='flex_column av-hdr73-543b738fdb47f59440e9afc6fdce1d2d av_one_full  avia-builder-el-29  el_after_av_hr  el_before_av_hr  titular-imagen-izq-container first flex_column_div av-animated-generic fade-in  '     ><style type=\"text\/css\" data-created_by=\"avia_inline_auto\" id=\"style-css-av-l0tiiaab-9b10ea2da2ad0952914fcc33509e44ac\">\n#top .av_textblock_section.av-l0tiiaab-9b10ea2da2ad0952914fcc33509e44ac .avia_textblock{\ncolor:#519b96;\n}\n<\/style>\n<section  class='av_textblock_section av-l0tiiaab-9b10ea2da2ad0952914fcc33509e44ac '   itemscope=\"itemscope\" itemtype=\"https:\/\/schema.org\/CreativeWork\" ><div class='avia_textblock av_inherit_color'  itemprop=\"text\" ><h2 class=\"titular-imagen-izq\" style=\"text-align: center;\">PRESEN\u00c7A INTERNACIONAL<\/h2>\n<\/div><\/section><\/div>\n<style type=\"text\/css\" data-created_by=\"avia_inline_auto\" id=\"style-css-av-l0tinds6-6073e4a0fae7055c476701974019eadf\">\n#top .hr.hr-invisible.av-l0tinds6-6073e4a0fae7055c476701974019eadf{\nheight:100px;\n}\n<\/style>\n<div  class='hr av-l0tinds6-6073e4a0fae7055c476701974019eadf hr-invisible  avia-builder-el-31  el_after_av_one_full  el_before_av_codeblock '><span class='hr-inner '><span class=\"hr-inner-style\"><\/span><\/span><\/div>\n\n\n<style type=\"text\/css\" data-created_by=\"avia_inline_auto\" id=\"style-css-av-l0tivb4t-19f1f1c2c2cf4942b94476aa635ed605\">\n#top .hr.hr-invisible.av-l0tivb4t-19f1f1c2c2cf4942b94476aa635ed605{\nheight:50px;\n}\n<\/style>\n<div  class='hr av-l0tivb4t-19f1f1c2c2cf4942b94476aa635ed605 hr-invisible  avia-builder-el-33  el_after_av_codeblock  el_before_av_textblock '><span class='hr-inner '><span class=\"hr-inner-style\"><\/span><\/span><\/div>\n\n<style type=\"text\/css\" data-created_by=\"avia_inline_auto\" id=\"style-css-av-l0tiravj-0aefadf69f5fbba8749ecedf8bd47501\">\n#top .av_textblock_section.av-l0tiravj-0aefadf69f5fbba8749ecedf8bd47501 .avia_textblock{\nfont-size:24px;\ncolor:#519b96;\n}\n<\/style>\n<section  class='av_textblock_section av-l0tiravj-0aefadf69f5fbba8749ecedf8bd47501 '   itemscope=\"itemscope\" itemtype=\"https:\/\/schema.org\/CreativeWork\" ><div class='avia_textblock av_inherit_color'  itemprop=\"text\" ><div style=\"text-align: center; font-weight: 500;\"><img loading=\"lazy\" decoding=\"async\" class=\"alignnone size-full wp-image-692 pin-contacto\" src=\"https:\/\/nec-pro.com\/wp-content\/uploads\/2022\/03\/ico-pin.png\" alt=\"\" width=\"36\" height=\"60\" \/> Distribuidor ou presen\u00e7a NEC<sup>\u00a9<\/sup> no pa\u00eds<\/div>\n<\/div><\/section>\n\n<style type=\"text\/css\" data-created_by=\"avia_inline_auto\" id=\"style-css-av-a9tgn-390c86e162ca44e68d03af23b24eef4a\">\n#top .hr.hr-invisible.av-a9tgn-390c86e162ca44e68d03af23b24eef4a{\nheight:100px;\n}\n<\/style>\n<div  class='hr av-a9tgn-390c86e162ca44e68d03af23b24eef4a hr-invisible  avia-builder-el-35  el_after_av_textblock  avia-builder-el-last '><span class='hr-inner '><span class=\"hr-inner-style\"><\/span><\/span><\/div>\n\n","protected":false},"excerpt":{"rendered":"<p>Consiga o aspeto mais natural com o m\u00e9todo NEC\u00ae patenteado. Reconstru\u00e7\u00e3o ungueal com compostos micro-h\u00edbridos<\/p>\n","protected":false},"author":1,"featured_media":823,"parent":0,"menu_order":0,"comment_status":"closed","ping_status":"closed","template":"","meta":{"footnotes":""},"class_list":["post-1518","page","type-page","status-publish","has-post-thumbnail","hentry"],"_links":{"self":[{"href":"https:\/\/nec-pro.com\/pt-pt\/wp-json\/wp\/v2\/pages\/1518","targetHints":{"allow":["GET"]}}],"collection":[{"href":"https:\/\/nec-pro.com\/pt-pt\/wp-json\/wp\/v2\/pages"}],"about":[{"href":"https:\/\/nec-pro.com\/pt-pt\/wp-json\/wp\/v2\/types\/page"}],"author":[{"embeddable":true,"href":"https:\/\/nec-pro.com\/pt-pt\/wp-json\/wp\/v2\/users\/1"}],"replies":[{"embeddable":true,"href":"https:\/\/nec-pro.com\/pt-pt\/wp-json\/wp\/v2\/comments?post=1518"}],"version-history":[{"count":6,"href":"https:\/\/nec-pro.com\/pt-pt\/wp-json\/wp\/v2\/pages\/1518\/revisions"}],"predecessor-version":[{"id":5755,"href":"https:\/\/nec-pro.com\/pt-pt\/wp-json\/wp\/v2\/pages\/1518\/revisions\/5755"}],"wp:featuredmedia":[{"embeddable":true,"href":"https:\/\/nec-pro.com\/pt-pt\/wp-json\/wp\/v2\/media\/823"}],"wp:attachment":[{"href":"https:\/\/nec-pro.com\/pt-pt\/wp-json\/wp\/v2\/media?parent=1518"}],"curies":[{"name":"wp","href":"https:\/\/api.w.org\/{rel}","templated":true}]}}