{"id":17,"date":"2021-11-17T13:21:53","date_gmt":"2021-11-17T12:21:53","guid":{"rendered":"https:\/\/nec-pro.com\/?page_id=17"},"modified":"2022-02-24T11:04:45","modified_gmt":"2022-02-24T10:04:45","slug":"aviso-legal","status":"publish","type":"page","link":"https:\/\/nec-pro.com\/es\/aviso-legal\/","title":{"rendered":"Aviso legal y Pol\u00edtica de cookies"},"content":{"rendered":"\n<style type=\"text\/css\" data-created_by=\"avia_inline_auto\" id=\"style-css-av-l00tilfn-762ff292d816756cb07022fc34b03b72\">\n#top .hr.hr-invisible.av-l00tilfn-762ff292d816756cb07022fc34b03b72{\nheight:200px;\n}\n<\/style>\n<div  class='hr av-l00tilfn-762ff292d816756cb07022fc34b03b72 hr-invisible  avia-builder-el-0  el_before_av_textblock  avia-builder-el-first  av-small-hide av-mini-hide'><span class='hr-inner '><span class=\"hr-inner-style\"><\/span><\/span><\/div>\n<section  class='av_textblock_section av-kw3hu79v-d90b1037731493f0d90c17aa249f6ed0 '   itemscope=\"itemscope\" itemtype=\"https:\/\/schema.org\/CreativeWork\" ><div class='avia_textblock'  itemprop=\"text\" ><h2>AVISO LEGAL<\/h2>\n<h2>Datos de la empresa<\/h2>\n<p>Esta web es un producto de EASY FOOTCARE, SLU.<\/p>\n<p>En cumplimiento del art\u00edculo 10 de la Ley 34\/2002, de 11 de julio, de Servicios de la Sociedad de la Informaci\u00f3n y Comercio Electr\u00f3nico (LSSI), a continuaci\u00f3n se exponen los datos identificativos del responsable del presente sitio web:<\/p>\n<p>EASY FOOTCARE, SLU<\/p>\n<p>C\/ Gaspar F\u00e0bregas, 61<\/p>\n<p>08950 Esplugues de Llobregat<\/p>\n<p>CIF: B-65721474<\/p>\n<p>Correo electr\u00f3nico de contacto:\u00a0info@<a href=\"http:\/\/easy-footcare.com\/\">easy-footcare.com<\/a><\/p>\n<p>Sociedad inscrita en el Registro Mercantil de Barcelona al tomo 42988, folio 170, hoja 417508, inscripci\u00f3n 1\u00aa.<\/p>\n<h2>Objeto<\/h2>\n<p>Este aviso legal tiene por objeto establecer las Condiciones Generales que regulan el acceso y uso general del presente sitio Web por parte de todos los usuarios, de manera que, el acceso y el uso del mismo implica necesariamente el sometimiento y aceptaci\u00f3n de las Condiciones Generales incluidas en este Aviso Legal.<\/p>\n<p>Por este motivo, EASY FOOTCARE recomienda que el usuario las lea detenidamente cada vez que quiera entrar y hacer uso de la citada p\u00e1gina web ya que \u00e9stas puedan sufrir alg\u00fan cambio. En este sentido, EASY FOOTCARE se reserva la facultad de realizar, en cualquier momento y sin necesidad de previo aviso alguno, cualquier modificaci\u00f3n o actualizaci\u00f3n de los contenidos y servicios, de las presentes condiciones generales de acceso y uso y, en general, de cuantos elementos integren el dise\u00f1o y configuraci\u00f3n del presente sitio Web.<\/p>\n<h2>Uso<\/h2>\n<p>En el caso de que el Usuario proceda a su registro para la contrataci\u00f3n o adquisici\u00f3n de un servicio ofrecido en el presente sitio Web, el Usuario ser\u00e1 responsable de aportar informaci\u00f3n veraz y l\u00edcita. Si como consecuencia del registro, se dotara al Usuario de una contrase\u00f1a, \u00e9ste se compromete a hacer un uso diligente y a mantener en secreto la contrase\u00f1a para acceder a estos servicios. En consecuencia, los Usuarios son responsables de la adecuada custodia y confidencialidad de cualesquiera identificadores y\/o contrase\u00f1as que, en su caso, le sean suministradas por EASY FOOTCARE y se comprometen a no ceder su uso a terceros, ya sea temporal o permanente, ni a permitir su acceso a personas ajenas. Ser\u00e1 responsabilidad del Usuario la utilizaci\u00f3n il\u00edcita de los servicios por cualquier tercero ileg\u00edtimo que emplee a tal efecto una contrase\u00f1a a causa de una utilizaci\u00f3n no diligente o de la p\u00e9rdida de la misma por el Usuario.<\/p>\n<p>En virtud de lo anterior, es obligaci\u00f3n del Usuario notificar de forma inmediata a la direcci\u00f3n de contacto de EASY FOOTCARE acerca de cualquier hecho que permita el uso indebido de los identificadores y\/o contrase\u00f1as, tales como el robo, extrav\u00edo, o el acceso no autorizado a los mismos, con el fin de proceder a su inmediata cancelaci\u00f3n. Mientras no se comuniquen tales hechos, EASY FOOTCARE quedar\u00e1 eximida de cualquier responsabilidad que pudiera derivarse del uso indebido de los identificadores o contrase\u00f1as por terceros no autorizados.<\/p>\n<p>La utilizaci\u00f3n del presente sitio Web por cualquier persona atribuye la condici\u00f3n de Usuario de la misma, el cual acepta que el citado uso es bajo su exclusiva responsabilidad, por lo que el Usuario se compromete a observar diligente y fielmente cualquier instrucci\u00f3n adicional impartida por EASY FOOTCARE o por personal autorizado de EASY FOOTCARE relativa al uso del presente sitio Web y de sus contenidos.<\/p>\n<p>El Usuario se compromete a no utilizar la informaci\u00f3n, actividades, productos o servicios que EASY FOOTCARE pone a su disposici\u00f3n para desarrollar actividades contrarias a las leyes, a la moral o al orden p\u00fablico y, en general, a hacer un uso conforme a las presentes Condiciones Generales. Por tanto, el Usuario se obliga a usar los contenidos de forma diligente, correcta y l\u00edcita y, en particular, se compromete a abstenerse de: i) utilizar los contenidos con fines o efectos contrarios a la ley, a la moral y a las buenas costumbres generalmente aceptadas o al orden p\u00fablico; ii) reproducir o copiar, distribuir, permitir el acceso del p\u00fablico a trav\u00e9s de cualquier modalidad de comunicaci\u00f3n p\u00fablica, transformar o modificar los contenidos, a menos que se cuente con la autorizaci\u00f3n del titular de los correspondientes derechos o ello resulte legalmente permitido y iii) emplear los contenidos y, en particular, la informaci\u00f3n de cualquier clase obtenida a trav\u00e9s de la p\u00e1gina o de los servicios para remitir publicidad, comunicaciones con fines de venta directa o con cualquier otra clase de finalidad comercial, mensajes no solicitados dirigidos a una pluralidad de personas con independencia de su finalidad, as\u00ed como a abstenerse de comercializar o divulgar de cualquier modo dicha informaci\u00f3n.<\/p>\n<p>En cualquier caso, EASY FOOTCARE no se responsabiliza de los da\u00f1os y perjuicios que puedan sufrir los equipos inform\u00e1ticos del usuario porque \u00e9ste haya accedido al portal o la haya utilizado de forma indebida o negligente.<\/p>\n<h2>Propiedad Intelectual<\/h2>\n<p>Todos\u00a0los contenidos de la p\u00e1gina web, entendiendo por estos a t\u00edtulo meramente enunciativo, los textos, im\u00e1genes, gr\u00e1ficos, iconos, tecnolog\u00eda, software, enlaces y dem\u00e1s contenidos audiovisuales o sonoros, as\u00ed como su dise\u00f1o gr\u00e1fico y c\u00f3digos fuente (en adelante, \u201clos Contenidos\u201d), son propiedad intelectual e industrial de EASY FOOTCARE o en su caso, de terceros. Del mismo modo, las marcas, nombres comerciales o signos distintivos son titularidad exclusiva de EASY FOOTCARE o, en su caso, de terceros.<\/p>\n<p>Queda prohibida la reproducci\u00f3n, transformaci\u00f3n, distribuci\u00f3n, comunicaci\u00f3n p\u00fablica, puesta a disposici\u00f3n interactiva, extracci\u00f3n, reutilizaci\u00f3n, reenv\u00edo o la utilizaci\u00f3n de cualquier naturaleza, por cualquier medio o procedimiento, de cualquiera de los Contenidos, salvo en los casos en que est\u00e9 legalmente permitido o sea autorizado expresamente y por escrito por el titular de los correspondientes derechos. EASY FOOTCARE se reserva el uso de acciones judiciales civiles y\/o penales contra aquellas personas f\u00edsicas o jur\u00eddicas y sus representantes que violen cualquiera de los citados derechos de propiedad industrial e intelectual.<\/p>\n<p>EASY FOOTCARE se compromete a cumplir las condiciones mencionadas anteriormente para garantizar el uso correcto del contenido del sitio web, ejerciendo cualquier acci\u00f3n civil o penal necesaria en el caso de infracci\u00f3n o incumplimiento de estos derechos por parte del usuario.<\/p>\n<h2>Responsabilidades y garant\u00edas<\/h2>\n<p>EASY FOOTCARE no garantiza la fiabilidad y utilidad de los servicios que se presten a trav\u00e9s del presente sitio Web.<\/p>\n<p>En consecuencia, EASY FOOTCARE no garantiza ni se hace responsable de: (i) la continuidad de los contenidos del presente sitio Web; (ii) la ausencia de errores en dichos contenidos ni la correcci\u00f3n de cualquier defecto que pudiera ocurrir; (iii) la ausencia de virus y\/o dem\u00e1s componentes da\u00f1inos en el presente sitio Web o en el servidor que lo alberga; (iv) la invulnerabilidad del presente sitio Web y\/o la inexpugnabilidad de las medidas de seguridad que se adopten en el mismo; (v) la falta de utilidad o rendimiento de los contenidos del presente sitio Web; (vi) los da\u00f1os o perjuicios que cause, a s\u00ed mismo o a un tercero, cualquier persona que infringiera las condiciones, normas e instrucciones que EASY FOOTCARE establece en el presente sitio Web o a trav\u00e9s de la vulneraci\u00f3n de los sistemas de seguridad de EASY FOOTCARE.<\/p>\n<p>No obstante, EASY FOOTCARE declara que ha adoptado todas las medidas necesarias, dentro de sus posibilidades y del estado de la tecnolog\u00eda, para garantizar el funcionamiento del presente sitio Web y evitar la existencia y transmisi\u00f3n de virus y dem\u00e1s componentes da\u00f1inos a los Usuarios. En cualquier caso, EASY FOOTCARE no se responsabiliza de los da\u00f1os y perjuicios que puedan sufrir los equipos inform\u00e1ticos del usuario porque \u00e9ste haya accedido al portal o la haya utilizado de forma indebida o negligente.<\/p>\n<h2>Protecci\u00f3n de datos y cookies<\/h2>\n<p><strong>Definici\u00f3n y funci\u00f3n de las cookies<\/strong><\/p>\n<p><strong>\u00bfQu\u00e9 son las cookies?<\/strong><\/p>\n<p>Una cookie es un fichero que se descarga en su ordenador al acceder a determinadas p\u00e1ginas web. Las cookies permiten a una p\u00e1gina web, entre otras cosas, almacenar y recuperar informaci\u00f3n sobre los h\u00e1bitos de navegaci\u00f3n de un usuario o de su equipo y, dependiendo de la informaci\u00f3n que contengan y de la forma en que utilice el equipo, pueden utilizarse para reconocer al usuario. Seg\u00fan quien sea la entidad que gestione el dominio desde donde se env\u00edan las cookies y trate los datos que se obtengan se pueden distinguir dos tipos: cookies propias y cookies de terceros. Existe tambi\u00e9n una segunda clasificaci\u00f3n seg\u00fan el plazo de tiempo que permanecen almacenadas en el navegador del cliente, pudiendo tratarse de cookies de sesi\u00f3n o cookies persistentes. Por \u00faltimo, existe otra clasificaci\u00f3n con cinco tipos de cookies seg\u00fan la finalidad para la que se traten los datos obtenidos: cookies t\u00e9cnicas, cookies de personalizaci\u00f3n, cookies de an\u00e1lisis, cookies publicitarias y cookies de publicidad comportamental. Para m\u00e1s informaci\u00f3n a este respecto puede consultar la Gu\u00eda sobre el uso de las cookies de la Agencia Espa\u00f1ola de Protecci\u00f3n de Datos<\/p>\n<p><strong>\u00bfQu\u00e9 tipo de cookies utiliza esta p\u00e1gina web?<\/strong><\/p>\n<p>Cookies de an\u00e1lisis: Son aquellas que bien tratadas por nosotros o por terceros, nos permiten cuantificar el n\u00famero de usuarios y as\u00ed realizar la medici\u00f3n y an\u00e1lisis estad\u00edstico de la utilizaci\u00f3n que hacen los usuarios del servicio ofertado. Para ello se analiza su navegaci\u00f3n en nuestra p\u00e1gina web con el fin de mejorar la oferta de productos o servicios que le ofrecemos. Esta p\u00e1gina web utiliza Google Analytics, un servicio de anal\u00edtica web desarrollada por Google, que permite la medici\u00f3n y an\u00e1lisis de la navegaci\u00f3n en las p\u00e1ginas web. En su navegador podr\u00e1 observar 4 cookies de este servicio: _utma, _utmb, _utmc y _utmc . Seg\u00fan la tipolog\u00eda anterior se trata de cookies propias, de sesi\u00f3n y de an\u00e1lisis. Puede encontrar m\u00e1s informaci\u00f3n al respecto e inhabilitar el uso de estas cookies en la siguiente direcci\u00f3n: <a href=\"http:\/\/www.google.es\/intl\/es\/analytics\/privacyoverview.html\">http:\/\/www.google.es\/intl\/es\/analytics\/privacyoverview.html<\/a> A trav\u00e9s de la anal\u00edtica web se obtiene informaci\u00f3n relativa al n\u00famero de usuarios que acceden a la web, el n\u00famero de p\u00e1ginas vistas, la frecuencia y repetici\u00f3n de las visitas, su duraci\u00f3n, el navegador utilizado, el operador que presta el servicio, el idioma, el terminal que utiliza, o la ciudad a la que est\u00e1 asignada su direcci\u00f3n IP. Informaci\u00f3n que posibilita un mejor y m\u00e1s apropiado servicio por parte de esta p\u00e1gina web.<\/p>\n<p><strong>Aceptaci\u00f3n de la Pol\u00edtica de cookies<\/strong><\/p>\n<p>EASY FOOTCARE asume que usted acepta el uso de cookies. No obstante, muestra informaci\u00f3n sobre su Pol\u00edtica de cookies en la parte superior de cualquier p\u00e1gina del sitio web con cada inicio de sesi\u00f3n con el objeto de que usted sea consciente. Ante esta informaci\u00f3n es posible llevar a cabo las siguientes acciones:<\/p>\n<ul>\n<li>Para aceptar la colocaci\u00f3n y\/o lectura de las Cookies anal\u00edticas de Google.<\/li>\n<li>Modificar su configuraci\u00f3n. Podr\u00e1 obtener m\u00e1s informaci\u00f3n sobre qu\u00e9 son las cookies, conocer la Pol\u00edtica de cookies de EASY FOOTCARE y modificar la configuraci\u00f3n de su navegador.<\/li>\n<\/ul>\n<p><strong>\u00bfC\u00f3mo bloquear o eliminar las cookies?<\/strong><\/p>\n<p>Puede usted permitir, bloquear o eliminar las cookies instaladas en su equipo mediante la configuraci\u00f3n de las opciones del navegador instalado en su ordenador. En cada navegador la operativa es diferente, la funci\u00f3n de &#8216;Ayuda\u00bb le mostrar\u00e1 c\u00f3mo hacerlo.<\/p>\n<ul>\n<li>Internet Explorer: <a href=\"http:\/\/windows.microsoft.com\/es-xl\/internet-explorer\/delete-manage-cookies#ie=\">windows.microsoft.com\/es-xl\/internet-explorer\/delete-manage-cookies#ie=<\/a>\u00abie-10\u00bb<\/li>\n<li>FireFox: <a href=\"http:\/\/support.mozilla.org\/es\/kb\/Borrar%20cookies\">support.mozilla.org\/es\/kb\/Borrar%20cookies<\/a><\/li>\n<li>Chrome: <a href=\"http:\/\/support.google.com\/chrome\/answer\/95647?hl=\">support.google.com\/chrome\/answer\/95647?hl=<\/a>\u00abes\u00bb<\/li>\n<li>Safari:\u00a0<a href=\"http:\/\/www.apple.com\/es\/privacy\/use-of-cookies\/\">apple.com\/es\/privacy\/use-of-cookies\/<\/a><\/li>\n<\/ul>\n<p>Adem\u00e1s, tambi\u00e9n puede gestionar el almac\u00e9n de cookies en su navegador a trav\u00e9s de herramientas como las siguientes:<\/p>\n<ul>\n<li>Ghostery:\u00a0<a href=\"http:\/\/www.ghostery.com\/\">ghostery.com\/<\/a><\/li>\n<li>Your online choices: <a href=\"http:\/\/www.youronlinechoices.com\/es\/\">www.youronlinechoices.com\/es\/<\/a><\/li>\n<\/ul>\n<h2>Legislaci\u00f3n y jurisdicci\u00f3n aplicable<\/h2>\n<p>Las relaciones establecidas entre EASY FOOTCARE y el Usuario se regir\u00e1n por lo dispuesto en la normativa vigente acerca de la legislaci\u00f3n aplicable y la jurisdicci\u00f3n competente. La ley espa\u00f1ola ser\u00e1 la \u00fanica aplicable. Para los casos en los que la normativa prevea la posibilidad a las partes de someterse expresamente a un fuero, EASY FOOTCARE y el Usuario, con renuncia expresa a cualquier otro fuero que pudiera corresponderles, se someten a los Juzgados y Tribunales de la ciudad de Barcelona.<\/p>\n<\/div><\/section>\n","protected":false},"excerpt":{"rendered":"","protected":false},"author":1,"featured_media":0,"parent":0,"menu_order":0,"comment_status":"closed","ping_status":"closed","template":"","meta":{"footnotes":""},"class_list":["post-17","page","type-page","status-publish","hentry"],"_links":{"self":[{"href":"https:\/\/nec-pro.com\/es\/wp-json\/wp\/v2\/pages\/17","targetHints":{"allow":["GET"]}}],"collection":[{"href":"https:\/\/nec-pro.com\/es\/wp-json\/wp\/v2\/pages"}],"about":[{"href":"https:\/\/nec-pro.com\/es\/wp-json\/wp\/v2\/types\/page"}],"author":[{"embeddable":true,"href":"https:\/\/nec-pro.com\/es\/wp-json\/wp\/v2\/users\/1"}],"replies":[{"embeddable":true,"href":"https:\/\/nec-pro.com\/es\/wp-json\/wp\/v2\/comments?post=17"}],"version-history":[{"count":1,"href":"https:\/\/nec-pro.com\/es\/wp-json\/wp\/v2\/pages\/17\/revisions"}],"predecessor-version":[{"id":2336,"href":"https:\/\/nec-pro.com\/es\/wp-json\/wp\/v2\/pages\/17\/revisions\/2336"}],"wp:attachment":[{"href":"https:\/\/nec-pro.com\/es\/wp-json\/wp\/v2\/media?parent=17"}],"curies":[{"name":"wp","href":"https:\/\/api.w.org\/{rel}","templated":true}]}}